{"id":62,"date":"2020-06-12T17:00:32","date_gmt":"2020-06-12T15:00:32","guid":{"rendered":"https:\/\/dariuszkazmierczak.pl\/wydawnictwo\/?post_type=product&#038;p=62"},"modified":"2020-06-12T17:00:32","modified_gmt":"2020-06-12T15:00:32","slug":"czeczenka","status":"publish","type":"product","link":"https:\/\/dariuszkazmierczak.pl\/wydawnictwo\/produkt\/czeczenka\/","title":{"rendered":"CZECZENKA"},"content":{"rendered":"<p>Hadiya jest Czeczenk\u0105, kt\u00f3ra ucieka razem z dzie\u0107mi z okupowanej przez Rosjan ojczyzny. W czasie morderczej przeprawy przez Bieszczady, Hana i Kamal nie maj\u0105 si\u0142y i\u015b\u0107 dalej. Kobieta zostawia je w lesie i udaje si\u0119 po pomoc. Nieoczekiwanie zostaje napadni\u0119ta i zgwa\u0142cona. Z trudem uchodzi z \u017cyciem. Gdy wraca na miejsce, gdzie pozostawi\u0142a dzieci, okazuje si\u0119, \u017ce ich nie ma. Od tego momentu zaczyna si\u0119 jej wy\u015bcig z czasem i walka z niebezpiecznym przeciwnikiem o odzyskanie potomstwa. Hadiy\u0119 wspieraj\u0105 Hubert Horst, lekarz, kt\u00f3ry niedawno straci\u0142 \u017con\u0119, oraz Irina, Ukrainka porwana do agencji towarzyskiej.<\/p>\n","protected":false},"excerpt":{"rendered":"<p>Hadiya jest Czeczenk\u0105, kt\u00f3ra ucieka razem z dzie\u0107mi z okupowanej przez Rosjan ojczyzny. W czasie morderczej przeprawy przez Bieszczady, Hana i Kamal nie maj\u0105 si\u0142y i\u015b\u0107 dalej. Kobieta zostawia je w lesie i udaje si\u0119 po pomoc. Nieoczekiwanie zostaje napadni\u0119ta i zgwa\u0142cona. Z trudem uchodzi z \u017cyciem. Gdy wraca na miejsce, gdzie pozostawi\u0142a dzieci, okazuje [&hellip;]<\/p>\n","protected":false},"featured_media":45,"template":"","meta":[],"_links":{"self":[{"href":"https:\/\/dariuszkazmierczak.pl\/wydawnictwo\/wp-json\/wp\/v2\/product\/62"}],"collection":[{"href":"https:\/\/dariuszkazmierczak.pl\/wydawnictwo\/wp-json\/wp\/v2\/product"}],"about":[{"href":"https:\/\/dariuszkazmierczak.pl\/wydawnictwo\/wp-json\/wp\/v2\/types\/product"}],"wp:featuredmedia":[{"embeddable":true,"href":"https:\/\/dariuszkazmierczak.pl\/wydawnictwo\/wp-json\/wp\/v2\/media\/45"}],"wp:attachment":[{"href":"https:\/\/dariuszkazmierczak.pl\/wydawnictwo\/wp-json\/wp\/v2\/media?parent=62"}],"curies":[{"name":"wp","href":"https:\/\/api.w.org\/{rel}","templated":true}]}}