{"id":60,"date":"2020-06-12T16:59:24","date_gmt":"2020-06-12T14:59:24","guid":{"rendered":"https:\/\/dariuszkazmierczak.pl\/wydawnictwo\/?post_type=product&#038;p=60"},"modified":"2020-06-12T16:59:24","modified_gmt":"2020-06-12T14:59:24","slug":"dorwac-drozda","status":"publish","type":"product","link":"https:\/\/dariuszkazmierczak.pl\/wydawnictwo\/produkt\/dorwac-drozda\/","title":{"rendered":"DORWA\u0106 DROZDA"},"content":{"rendered":"<p>Czy instytucje prawa przy u\u017cyciu najnowszych technik inwigilacji potrafi\u0105 wnikn\u0105\u0107 w \u017cycie cz\u0142owieka i bez chwili zawahania zamieni\u0107 je w ruin\u0119? Odpowied\u017a wydaje si\u0119 oczywista. Ale odpowied\u017a na pytanie: czy raz z\u0142amany cz\u0142owiek potrafi d\u017awign\u0105\u0107 si\u0119 z samego dna, nie wydaje si\u0119 ju\u017c taka oczywista. Bohater powie\u015bci Tomasz Drozd to pos\u0105dzony o przyj\u0119cie korzy\u015bci maj\u0105tkowej ordynator oddzia\u0142u ortopedii. Jego \u017cycie z dnia na dzie\u0144 zamienia si\u0119 w piek\u0142o. M\u0119\u017cczyzna z trudem rozpoczyna walk\u0119 o swoj\u0105 godno\u015b\u0107 i dobre imi\u0119. Walka z zapalczywym przeciwnikiem &#8211; prokuratorem, kt\u00f3ry nie przebiera w \u015brodkach, aby zniszczy\u0107 znanego lekarza. Walka od pocz\u0105tku jest nier\u00f3wna, bo na us\u0142ugach prokuratora znajduje si\u0119 nieczu\u0142y aparat wymiaru sprawiedliwo\u015bci. Czy w takiej sytuacji Tomasz Drozd mo\u017ce liczy\u0107 na zwyci\u0119stwo?<\/p>\n","protected":false},"excerpt":{"rendered":"<p>Czy instytucje prawa przy u\u017cyciu najnowszych technik inwigilacji potrafi\u0105 wnikn\u0105\u0107 w \u017cycie cz\u0142owieka i bez chwili zawahania zamieni\u0107 je w ruin\u0119? Odpowied\u017a wydaje si\u0119 oczywista. Ale odpowied\u017a na pytanie: czy raz z\u0142amany cz\u0142owiek potrafi d\u017awign\u0105\u0107 si\u0119 z samego dna, nie wydaje si\u0119 ju\u017c taka oczywista. Bohater powie\u015bci Tomasz Drozd to pos\u0105dzony o przyj\u0119cie korzy\u015bci maj\u0105tkowej [&hellip;]<\/p>\n","protected":false},"featured_media":46,"template":"","meta":[],"_links":{"self":[{"href":"https:\/\/dariuszkazmierczak.pl\/wydawnictwo\/wp-json\/wp\/v2\/product\/60"}],"collection":[{"href":"https:\/\/dariuszkazmierczak.pl\/wydawnictwo\/wp-json\/wp\/v2\/product"}],"about":[{"href":"https:\/\/dariuszkazmierczak.pl\/wydawnictwo\/wp-json\/wp\/v2\/types\/product"}],"wp:featuredmedia":[{"embeddable":true,"href":"https:\/\/dariuszkazmierczak.pl\/wydawnictwo\/wp-json\/wp\/v2\/media\/46"}],"wp:attachment":[{"href":"https:\/\/dariuszkazmierczak.pl\/wydawnictwo\/wp-json\/wp\/v2\/media?parent=60"}],"curies":[{"name":"wp","href":"https:\/\/api.w.org\/{rel}","templated":true}]}}