{"id":59,"date":"2020-06-12T16:58:44","date_gmt":"2020-06-12T14:58:44","guid":{"rendered":"https:\/\/dariuszkazmierczak.pl\/wydawnictwo\/?post_type=product&#038;p=59"},"modified":"2020-06-12T16:58:44","modified_gmt":"2020-06-12T14:58:44","slug":"w-potrzasku","status":"publish","type":"product","link":"https:\/\/dariuszkazmierczak.pl\/wydawnictwo\/produkt\/w-potrzasku\/","title":{"rendered":"W POTRZASKU"},"content":{"rendered":"<p>Anna Sosnowska w wieku osiemnastu lat zachodzi w ci\u0105\u017c\u0119, co przyspiesza jej decyzj\u0119 o \u015blubie. Mo\u017ce za wcze\u015bnie, ale co tam! Jest zakochana i nie wyobra\u017ca sobie \u017cycia bez Adriana. Pocz\u0105tkowo wszystko uk\u0142ada si\u0119 dobrze, ale w ci\u0105gu kolejnych kilku lat, Anna jest coraz cz\u0119\u015bciej zastraszana, poniewierana i bita przez m\u0119\u017ca alkoholika. Zaszczuta, chowa swoj\u0105 udr\u0119k\u0119 przed \u015bwiatem. Cierpi w samotno\u015bci. Ale pewnego dnia, doprowadzona do ostateczno\u015bci, si\u0119ga po n\u00f3\u017c &#8211; aby wydosta\u0107 si\u0119 z czelu\u015bci piek\u0142a. Jednak tego samego dnia \u2013 cho\u0107 o tym jeszcze nie wie &#8211; zaczyna si\u0119 jej drugie piek\u0142o. W ksi\u0105\u017cce, obok Sosnowskiej, pojawiaj\u0105 si\u0119 inni bohaterowie, kt\u00f3rych \u017cycie doznaje nieoczekiwanych zawirowa\u0144, a decyzje jakie podejmuj\u0105 pod wp\u0142ywem chwili, determinuj\u0105 ca\u0142\u0105 ich przysz\u0142o\u015b\u0107.<\/p>\n","protected":false},"excerpt":{"rendered":"<p>Anna Sosnowska w wieku osiemnastu lat zachodzi w ci\u0105\u017c\u0119, co przyspiesza jej decyzj\u0119 o \u015blubie. Mo\u017ce za wcze\u015bnie, ale co tam! Jest zakochana i nie wyobra\u017ca sobie \u017cycia bez Adriana. Pocz\u0105tkowo wszystko uk\u0142ada si\u0119 dobrze, ale w ci\u0105gu kolejnych kilku lat, Anna jest coraz cz\u0119\u015bciej zastraszana, poniewierana i bita przez m\u0119\u017ca alkoholika. Zaszczuta, chowa swoj\u0105 [&hellip;]<\/p>\n","protected":false},"featured_media":49,"template":"","meta":[],"_links":{"self":[{"href":"https:\/\/dariuszkazmierczak.pl\/wydawnictwo\/wp-json\/wp\/v2\/product\/59"}],"collection":[{"href":"https:\/\/dariuszkazmierczak.pl\/wydawnictwo\/wp-json\/wp\/v2\/product"}],"about":[{"href":"https:\/\/dariuszkazmierczak.pl\/wydawnictwo\/wp-json\/wp\/v2\/types\/product"}],"wp:featuredmedia":[{"embeddable":true,"href":"https:\/\/dariuszkazmierczak.pl\/wydawnictwo\/wp-json\/wp\/v2\/media\/49"}],"wp:attachment":[{"href":"https:\/\/dariuszkazmierczak.pl\/wydawnictwo\/wp-json\/wp\/v2\/media?parent=59"}],"curies":[{"name":"wp","href":"https:\/\/api.w.org\/{rel}","templated":true}]}}