{"id":56,"date":"2020-06-12T16:55:50","date_gmt":"2020-06-12T14:55:50","guid":{"rendered":"https:\/\/dariuszkazmierczak.pl\/wydawnictwo\/?post_type=product&#038;p=56"},"modified":"2020-06-12T16:55:50","modified_gmt":"2020-06-12T14:55:50","slug":"wysiedleni","status":"publish","type":"product","link":"https:\/\/dariuszkazmierczak.pl\/wydawnictwo\/produkt\/wysiedleni\/","title":{"rendered":"WYSIEDLENI"},"content":{"rendered":"<p>\u201e Ta wojna jest jak nienasycona hydra \u2013 odpar\u0142 Michael. \u2013 Dop\u00f3ki nie utnie si\u0119 jej ostatniej g\u0142owy, ci\u0105gle b\u0119d\u0105 gin\u0105\u0107 ludzie\u201d.<\/p>\n<p>G\u0142\u00f3wn\u0105 bohaterk\u0105 ksi\u0105\u017cki jest 18 letnia Aniela, kt\u00f3ra wysiedlona z Polski wraz z rodzin\u0105 do okupowanej przez hitlerowc\u00f3w Francji, przechodzi ci\u0119\u017ck\u0105 szko\u0142\u0119 \u017cycia. Dziewczyna poszukuj\u0105c zrozumienia, a przede wszystkim wsparcia w tak trudnym dla siebie okresie, prze\u017cywa liczne wzloty i upadki. O ma\u0142o nie zgwa\u0142cona przez Klausa Kellera, zadaje mu \u015bmiertelny cios, by kr\u00f3tko po tak bolesnym do\u015bwiadczeniu w\u0142\u0105czy\u0107 si\u0119 do Francuskiego Ruchu Oporu. Sw\u00f3j los, wiar\u0119 i uczucia lokuje w Michaelu, twardym francuskim bojowniku. Jednak \u015blepy los okazuje si\u0119 dla obojga okrutny.<\/p>\n","protected":false},"excerpt":{"rendered":"<p>\u201e Ta wojna jest jak nienasycona hydra \u2013 odpar\u0142 Michael. \u2013 Dop\u00f3ki nie utnie si\u0119 jej ostatniej g\u0142owy, ci\u0105gle b\u0119d\u0105 gin\u0105\u0107 ludzie\u201d. G\u0142\u00f3wn\u0105 bohaterk\u0105 ksi\u0105\u017cki jest 18 letnia Aniela, kt\u00f3ra wysiedlona z Polski wraz z rodzin\u0105 do okupowanej przez hitlerowc\u00f3w Francji, przechodzi ci\u0119\u017ck\u0105 szko\u0142\u0119 \u017cycia. Dziewczyna poszukuj\u0105c zrozumienia, a przede wszystkim wsparcia w tak trudnym [&hellip;]<\/p>\n","protected":false},"featured_media":51,"template":"","meta":[],"_links":{"self":[{"href":"https:\/\/dariuszkazmierczak.pl\/wydawnictwo\/wp-json\/wp\/v2\/product\/56"}],"collection":[{"href":"https:\/\/dariuszkazmierczak.pl\/wydawnictwo\/wp-json\/wp\/v2\/product"}],"about":[{"href":"https:\/\/dariuszkazmierczak.pl\/wydawnictwo\/wp-json\/wp\/v2\/types\/product"}],"wp:featuredmedia":[{"embeddable":true,"href":"https:\/\/dariuszkazmierczak.pl\/wydawnictwo\/wp-json\/wp\/v2\/media\/51"}],"wp:attachment":[{"href":"https:\/\/dariuszkazmierczak.pl\/wydawnictwo\/wp-json\/wp\/v2\/media?parent=56"}],"curies":[{"name":"wp","href":"https:\/\/api.w.org\/{rel}","templated":true}]}}