{"id":43,"date":"2020-06-12T16:48:29","date_gmt":"2020-06-12T14:48:29","guid":{"rendered":"https:\/\/dariuszkazmierczak.pl\/wydawnictwo\/?post_type=product&#038;p=43"},"modified":"2020-06-12T16:50:27","modified_gmt":"2020-06-12T14:50:27","slug":"w-strefie-mroku","status":"publish","type":"product","link":"https:\/\/dariuszkazmierczak.pl\/wydawnictwo\/produkt\/w-strefie-mroku\/","title":{"rendered":"W strefie mroku"},"content":{"rendered":"<p>Cz\u0142owiek ma wiele twarzy i nigdy nie wiadomo, kt\u00f3ra z nich jest ostatnia. W nowej ksi\u0105\u017cce sensacyjno-obyczajowej Dariusza Ka\u017amierczaka przeplataj\u0105 si\u0119 losy trzech bohater\u00f3w, z kt\u00f3rych ka\u017cdy dozna\u0142 \u017cyciowej traumy. Marzena Drobnik jest lekark\u0105, kt\u00f3r\u0105 tu\u017c po rozwodzie, w akcie zemsty, skrzywdzi\u0142 m\u0105\u017c. W odwecie Karol Drobnik &#8211; m\u0105\u017c Marzeny &#8211; zostaje brutalnie pobity przez swojego szwagra. M\u0119\u017cczyzna doznaje powa\u017cnego urazu g\u0142owy. Po leczeniu szpitalnym l\u0105duje w domu pomocy spo\u0142ecznej. Jego los wydaje si\u0119 przes\u0105dzony, a utrata zdrowia trwa\u0142a. Jednak&#8230; W jego \u017cyciu pojawia si\u0119 kobieta, by\u0142a gwiazda porno, kt\u00f3ra nieoczekiwanie stawia go na nogi.<\/p>\n<p><strong>Wydawnictwo:<\/strong> COMBO<br \/>\n<strong>Rok wydania:<\/strong>\u00a02013\u00a0<strong><br \/>\n<\/strong><strong>ISBN:<\/strong>\u00a0\u00a0978-83-937632-0-7<\/p>\n","protected":false},"excerpt":{"rendered":"<p>Cz\u0142owiek ma wiele twarzy i nigdy nie wiadomo, kt\u00f3ra z nich jest ostatnia. W nowej ksi\u0105\u017cce sensacyjno-obyczajowej Dariusza Ka\u017amierczaka przeplataj\u0105 si\u0119 losy trzech bohater\u00f3w, z kt\u00f3rych ka\u017cdy dozna\u0142 \u017cyciowej traumy. Marzena Drobnik jest lekark\u0105, kt\u00f3r\u0105 tu\u017c po rozwodzie, w akcie zemsty, skrzywdzi\u0142 m\u0105\u017c. W odwecie Karol Drobnik &#8211; m\u0105\u017c Marzeny &#8211; zostaje brutalnie pobity przez [&hellip;]<\/p>\n","protected":false},"featured_media":50,"template":"","meta":[],"_links":{"self":[{"href":"https:\/\/dariuszkazmierczak.pl\/wydawnictwo\/wp-json\/wp\/v2\/product\/43"}],"collection":[{"href":"https:\/\/dariuszkazmierczak.pl\/wydawnictwo\/wp-json\/wp\/v2\/product"}],"about":[{"href":"https:\/\/dariuszkazmierczak.pl\/wydawnictwo\/wp-json\/wp\/v2\/types\/product"}],"wp:featuredmedia":[{"embeddable":true,"href":"https:\/\/dariuszkazmierczak.pl\/wydawnictwo\/wp-json\/wp\/v2\/media\/50"}],"wp:attachment":[{"href":"https:\/\/dariuszkazmierczak.pl\/wydawnictwo\/wp-json\/wp\/v2\/media?parent=43"}],"curies":[{"name":"wp","href":"https:\/\/api.w.org\/{rel}","templated":true}]}}