{"id":114,"date":"2025-10-11T20:02:32","date_gmt":"2025-10-11T18:02:32","guid":{"rendered":"https:\/\/dariuszkazmierczak.pl\/wydawnictwo\/?post_type=product&#038;p=114"},"modified":"2025-10-11T20:03:49","modified_gmt":"2025-10-11T18:03:49","slug":"przepustka-do-raju","status":"publish","type":"product","link":"https:\/\/dariuszkazmierczak.pl\/wydawnictwo\/produkt\/przepustka-do-raju\/","title":{"rendered":"Przepustka do raju"},"content":{"rendered":"<p style=\"text-align: left;\">Czy uzale\u017cnienie od seku mo\u017ce by\u0107 tak samo silne jak od narkotyk\u00f3w?<\/p>\n<p>Je\u015bli tak, to czy mo\u017cna z tego wyj\u015b\u0107, nie robi\u0105c wok\u00f3\u0142 siebie zbyt du\u017cych spustosze\u0144?<\/p>\n<p>Dorota Rogulska, studentka medycyny, znalaz\u0142a si\u0119 w powa\u017cnych tarapatach. Zdaje sobie spraw\u0119, \u017ce w rozwi\u0105zaniu problem\u00f3w mo\u017ce jej pom\u00f3c w\u0142asny spryt i zniewalaj\u0105ca uroda. Ten ostatni atut staje si\u0119 haczykiem, na kt\u00f3ry \u0142apie cenionego chirurga Huberta D\u0119bskiego i nawi\u0105zuje z nim romans, nie maj\u0105c najmniejszego poj\u0119cia, jak mroczne tajemnice skrywa jego osoba.<\/p>\n","protected":false},"excerpt":{"rendered":"<p>Czy uzale\u017cnienie od seku mo\u017ce by\u0107 tak samo silne jak od narkotyk\u00f3w? Je\u015bli tak, to czy mo\u017cna z tego wyj\u015b\u0107, nie robi\u0105c wok\u00f3\u0142 siebie zbyt du\u017cych spustosze\u0144? Dorota Rogulska, studentka medycyny, znalaz\u0142a si\u0119 w powa\u017cnych tarapatach. Zdaje sobie spraw\u0119, \u017ce w rozwi\u0105zaniu problem\u00f3w mo\u017ce jej pom\u00f3c w\u0142asny spryt i zniewalaj\u0105ca uroda. Ten ostatni atut staje [&hellip;]<\/p>\n","protected":false},"featured_media":113,"template":"","meta":[],"_links":{"self":[{"href":"https:\/\/dariuszkazmierczak.pl\/wydawnictwo\/wp-json\/wp\/v2\/product\/114"}],"collection":[{"href":"https:\/\/dariuszkazmierczak.pl\/wydawnictwo\/wp-json\/wp\/v2\/product"}],"about":[{"href":"https:\/\/dariuszkazmierczak.pl\/wydawnictwo\/wp-json\/wp\/v2\/types\/product"}],"wp:featuredmedia":[{"embeddable":true,"href":"https:\/\/dariuszkazmierczak.pl\/wydawnictwo\/wp-json\/wp\/v2\/media\/113"}],"wp:attachment":[{"href":"https:\/\/dariuszkazmierczak.pl\/wydawnictwo\/wp-json\/wp\/v2\/media?parent=114"}],"curies":[{"name":"wp","href":"https:\/\/api.w.org\/{rel}","templated":true}]}}