{"id":110,"date":"2025-10-11T20:04:51","date_gmt":"2025-10-11T18:04:51","guid":{"rendered":"https:\/\/dariuszkazmierczak.pl\/wydawnictwo\/?post_type=product&#038;p=110"},"modified":"2025-10-20T21:43:19","modified_gmt":"2025-10-20T19:43:19","slug":"wloski-przekret","status":"publish","type":"product","link":"https:\/\/dariuszkazmierczak.pl\/wydawnictwo\/produkt\/wloski-przekret\/","title":{"rendered":"W\u0142oski przekr\u0119t"},"content":{"rendered":"<div>W\u0142ochy. Pizza, spagetti, s\u0142o\u0144ce i \u017cyczliwi\u00a0ludzie. Ale czy nie jest to tylko maska, pod kt\u00f3r\u0105 kryje si\u0119 inna Italia?<\/div>\n<div>Jacek Wolski jest lekarzem, kt\u00f3rego przyjaciele zach\u0119caj\u0105 do sp\u0119dzenia wczas\u00f3w we W\u0142oszech. M\u0119\u017cczyzna ulega namowom. Ale gdy tylko dociera nad Adriatyk, usuwa mu si\u0119 grunt pod nogami. A przyczynia si\u0119 do tego\u00a0komendant niedu\u017cej, nadmorskiej miejscowo\u015bci, dla kt\u00f3rego \u0142amanie prawa nie stanowi wi\u0119kszego problemu. Andrea Gallo, bo tak nazywa si\u0119 policjant, bierze na cel Polaka, aby zniszczy\u0107 jego plany wypoczynku.<\/div>\n<div>Andrea Gallo z niezwyk\u0142\u0105 zaci\u0119to\u015bci\u0105 walczy nie tylko z lekarzem z Polski. W bezwzgl\u0119dny spos\u00f3b rozprawia si\u0119 tak\u017ce z uchod\u017acami przebywaj\u0105cymi w mie\u015bcie. Jego bezpardonowy spos\u00f3b bycia dotyka r\u00f3wnie\u017c kobiet, z kt\u00f3rymi \u0142\u0105cz\u0105 go wi\u0119zi emocjonalne.<\/div>\n<div>Opr\u00f3cz wspomnianych postaci w ksi\u0105\u017cce pojawiaj\u0105 si\u0119 W\u0142osi zwi\u0105zani ze \u015bwiatem przest\u0119pczym, tworz\u0105c ciekawe t\u0142o tej wci\u0105gaj\u0105cej powie\u015bci.<\/div>\n<div><\/div>\n<div><\/div>\n<h4><strong>Ksi\u0105\u017cka dost\u0119pna tak\u017ce w formie e-booka:<\/strong> <a href=\"https:\/\/www.naffy.io\/dariusz-kazmierczak\/wloski-przekret-H5g\"><strong>LINK<\/strong><\/a><\/h4>\n<div><\/div>\n","protected":false},"excerpt":{"rendered":"<p>W\u0142ochy. Pizza, spagetti, s\u0142o\u0144ce i \u017cyczliwi\u00a0ludzie. Ale czy nie jest to tylko maska, pod kt\u00f3r\u0105 kryje si\u0119 inna Italia? Jacek Wolski jest lekarzem, kt\u00f3rego przyjaciele zach\u0119caj\u0105 do sp\u0119dzenia wczas\u00f3w we W\u0142oszech. M\u0119\u017cczyzna ulega namowom. Ale gdy tylko dociera nad Adriatyk, usuwa mu si\u0119 grunt pod nogami. A przyczynia si\u0119 do tego\u00a0komendant niedu\u017cej, nadmorskiej miejscowo\u015bci, dla [&hellip;]<\/p>\n","protected":false},"featured_media":111,"template":"","meta":[],"_links":{"self":[{"href":"https:\/\/dariuszkazmierczak.pl\/wydawnictwo\/wp-json\/wp\/v2\/product\/110"}],"collection":[{"href":"https:\/\/dariuszkazmierczak.pl\/wydawnictwo\/wp-json\/wp\/v2\/product"}],"about":[{"href":"https:\/\/dariuszkazmierczak.pl\/wydawnictwo\/wp-json\/wp\/v2\/types\/product"}],"wp:featuredmedia":[{"embeddable":true,"href":"https:\/\/dariuszkazmierczak.pl\/wydawnictwo\/wp-json\/wp\/v2\/media\/111"}],"wp:attachment":[{"href":"https:\/\/dariuszkazmierczak.pl\/wydawnictwo\/wp-json\/wp\/v2\/media?parent=110"}],"curies":[{"name":"wp","href":"https:\/\/api.w.org\/{rel}","templated":true}]}}